{"id":1343,"date":"2022-08-03T14:49:14","date_gmt":"2022-08-03T14:49:14","guid":{"rendered":"https:\/\/hints-project.eu\/hints-e-guidebook\/"},"modified":"2023-06-12T12:59:46","modified_gmt":"2023-06-12T12:59:46","slug":"hints-e-guidebook","status":"publish","type":"page","link":"https:\/\/hints-project.eu\/it\/hints-e-guidebook\/","title":{"rendered":"HINTS e-Guidebook"},"content":{"rendered":"\n<div style=\"height:130px\" aria-hidden=\"true\" class=\"wp-block-spacer\"><\/div>\n\n\n\n<p class=\"animated fadeInUp\">Come professionisti, noi stessi sappiamo che il processo di promozione dell&#8217;inclusione sociale non \u00e8 unidimensionale e, le informazioni disponibili su Internet con le migliori pratiche e metodologie che possono aiutarci nella nostra vita quotidiana, possono essere schiaccianti.<\/p>\n\n\n\n<div style=\"height:100px\" aria-hidden=\"true\" class=\"wp-block-spacer\"><\/div>\n\n\n\n<p class=\"animated fadeInUp\">L&#8217;e-Guidebook presenta tecniche e informazioni in modo multidimensionale per realizzare un&#8217;integrazione all inclusive.<\/p>\n\n\n\n<div style=\"height:100px\" aria-hidden=\"true\" class=\"wp-block-spacer\"><\/div>\n\n\n\n<p class=\"animated fadeInUp\">L&#8217;attuale e-Guidebook mira a fornire alcuni&#8230; SUGGERIMENTI ai professionisti che lavorano con migranti e rifugiati sulle migliori pratiche e metodologie di inclusione sociale, divisi in quattro argomenti:<\/p>\n\n\n\n<p class=\"animated fadeInUp\">a) Integrazione educativa,<\/p>\n\n\n\n<p class=\"animated fadeInUp\">b) Interculturalit\u00e0,<\/p>\n\n\n\n<p class=\"animated fadeInUp\">c) Vita familiare e sociale e<\/p>\n\n\n\n<p class=\"animated fadeInUp\">d) Occupabilit\u00e0.<\/p>\n\n\n\n<div style=\"height:100px\" aria-hidden=\"true\" class=\"wp-block-spacer\"><\/div>\n\n\n\n<p class=\"animated fadeInUp\">L&#8217;e-Guidebook HINTS \u00e8 stato progettato da professionisti per professionisti.<\/p>\n\n\n\n<div style=\"height:100px\" aria-hidden=\"true\" class=\"wp-block-spacer\"><\/div>\n\n\n\n<div class=\"wp-block-stackable-columns stk-block-columns stk-block stk-2a3243b\" data-block-id=\"2a3243b\"><div class=\"stk-row stk-inner-blocks stk-block-content stk-content-align stk-2a3243b-column\">\n<div class=\"wp-block-stackable-column stk-block-column stk-block-column--v2 stk-column stk-block stk-fa95bab\" data-block-id=\"fa95bab\"><style>@media screen and (min-width:768px){.stk-fa95bab{flex:1 1 25% !important}}<\/style><div class=\"stk-column-wrapper stk-block-column__content stk-container stk-fa95bab-container stk--no-background stk--no-padding\"><div class=\"stk-block-content stk-inner-blocks stk-fa95bab-inner-blocks\">\n<div class=\"wp-block-buttons alignfull is-layout-flex wp-block-buttons-is-layout-flex\">\n<div class=\"wp-block-button\"><a class=\"wp-block-button__link has-text-align-center wp-element-button\" href=\"https:\/\/hints-project.eu\/wp-content\/uploads\/2023\/06\/HINTS-EDUCATION-IT.pdf\" target=\"_blank\" rel=\"https:\/\/hints-project.eu\/wp-content\/uploads\/2023\/06\/HINTS-EDUCATION-EN.pdf noopener\">Scarica l&#8217; &#8220;EDUCAZIONE&#8221; e-Guidebook!<\/a><\/div>\n<\/div>\n<\/div><\/div><\/div>\n\n\n\n<div class=\"wp-block-stackable-column stk-block-column stk-block-column--v2 stk-column stk-block stk-7db6cc7\" data-block-id=\"7db6cc7\"><style>@media screen and (min-width:768px){.stk-7db6cc7{flex:1 1 25% !important}}<\/style><div class=\"stk-column-wrapper stk-block-column__content stk-container stk-7db6cc7-container stk--no-background stk--no-padding\"><div class=\"stk-block-content stk-inner-blocks stk-7db6cc7-inner-blocks\">\n<div class=\"wp-block-buttons alignfull is-layout-flex wp-block-buttons-is-layout-flex\">\n<div class=\"wp-block-button\"><a class=\"wp-block-button__link has-text-align-center wp-element-button\" href=\"https:\/\/hints-project.eu\/wp-content\/uploads\/2023\/06\/HINTS-INTERCULTURALITY-IT.pdf\" target=\"_blank\" rel=\"noreferrer noopener\">Scarica l&#8217; &#8220;INTERCULTURALIT\u00c0&#8221; e-Guidebook!<\/a><\/div>\n<\/div>\n<\/div><\/div><\/div>\n\n\n\n<div class=\"wp-block-stackable-column stk-block-column stk-block-column--v2 stk-column stk-block stk-53b2c25\" data-block-id=\"53b2c25\"><style>@media screen and (min-width:768px){.stk-53b2c25{flex:1 1 25% !important}}<\/style><div class=\"stk-column-wrapper stk-block-column__content stk-container stk-53b2c25-container stk--no-background stk--no-padding\"><div class=\"stk-block-content stk-inner-blocks stk-53b2c25-inner-blocks\">\n<div class=\"wp-block-buttons alignfull is-layout-flex wp-block-buttons-is-layout-flex\">\n<div class=\"wp-block-button\"><a class=\"wp-block-button__link has-text-align-center wp-element-button\" href=\"https:\/\/hints-project.eu\/wp-content\/uploads\/2023\/06\/HINTS-FAMILY-AND-SOCIAL-ADVICE-IT.pdf\" target=\"_blank\" rel=\"noreferrer noopener\">Scarica le &#8220;CONSULENZA SOCIALE E FAMILIARE&#8221; e-Guidebook!<\/a><\/div>\n<\/div>\n<\/div><\/div><\/div>\n\n\n\n<div class=\"wp-block-stackable-column stk-block-column stk-block-column--v2 stk-column stk-block stk-5ebb556\" data-block-id=\"5ebb556\"><style>@media screen and (min-width:768px){.stk-5ebb556{flex:1 1 25% !important}}<\/style><div class=\"stk-column-wrapper stk-block-column__content stk-container stk-5ebb556-container stk--no-background stk--no-padding\"><div class=\"stk-block-content stk-inner-blocks stk-5ebb556-inner-blocks\">\n<div class=\"wp-block-buttons alignfull is-layout-flex wp-block-buttons-is-layout-flex\">\n<div class=\"wp-block-button\"><a class=\"wp-block-button__link has-text-align-center wp-element-button\" href=\"https:\/\/hints-project.eu\/wp-content\/uploads\/2023\/06\/HINTS-EMPLOYABILITY-IT.pdf\" target=\"_blank\" rel=\"noreferrer noopener\">Scarica l&#8217; &#8220;IMPIEGABILITA\u2019&#8221; e-Guidebook!<\/a><\/div>\n<\/div>\n<\/div><\/div><\/div>\n<\/div><\/div>\n\n\n\n<div style=\"height:130px\" aria-hidden=\"true\" class=\"wp-block-spacer\"><\/div>\n","protected":false},"excerpt":{"rendered":"<p>Come professionisti, noi stessi sappiamo che il processo di promozione dell&#8217;inclusione sociale non \u00e8 unidimensionale e, le informazioni disponibili su Internet con le migliori pratiche e metodologie che possono aiutarci nella nostra vita quotidiana, possono essere schiaccianti. L&#8217;e-Guidebook presenta tecniche e informazioni in modo multidimensionale per realizzare un&#8217;integrazione all inclusive. L&#8217;attuale e-Guidebook mira a fornire alcuni&#8230; SUGGERIMENTI ai professionisti che lavorano con migranti e rifugiati sulle migliori pratiche e metodologie di inclusione sociale, divisi in quattro argomenti: a) Integrazione educativa, b) Interculturalit\u00e0, c) Vita familiare e sociale e d) Occupabilit\u00e0. L&#8217;e-Guidebook HINTS \u00e8 stato progettato da professionisti per professionisti.<\/p>\n","protected":false},"author":2,"featured_media":1285,"parent":0,"menu_order":0,"comment_status":"closed","ping_status":"closed","template":"","meta":{"footnotes":""},"class_list":["post-1343","page","type-page","status-publish","has-post-thumbnail","hentry"],"blocksy_meta":{"styles_descriptor":{"styles":{"desktop":"","tablet":"","mobile":""},"google_fonts":[],"version":5}},"featured_image_urls":{"full":["https:\/\/hints-project.eu\/wp-content\/uploads\/2022\/08\/susan-q-yin-2JIvboGLeho-unsplash.png",1700,832,false],"thumbnail":["https:\/\/hints-project.eu\/wp-content\/uploads\/2022\/08\/susan-q-yin-2JIvboGLeho-unsplash-150x150.png",150,150,true],"medium":["https:\/\/hints-project.eu\/wp-content\/uploads\/2022\/08\/susan-q-yin-2JIvboGLeho-unsplash-300x147.png",300,147,true],"medium_large":["https:\/\/hints-project.eu\/wp-content\/uploads\/2022\/08\/susan-q-yin-2JIvboGLeho-unsplash-768x376.png",768,376,true],"large":["https:\/\/hints-project.eu\/wp-content\/uploads\/2022\/08\/susan-q-yin-2JIvboGLeho-unsplash-1024x501.png",1024,501,true],"1536x1536":["https:\/\/hints-project.eu\/wp-content\/uploads\/2022\/08\/susan-q-yin-2JIvboGLeho-unsplash-1536x752.png",1536,752,true],"2048x2048":["https:\/\/hints-project.eu\/wp-content\/uploads\/2022\/08\/susan-q-yin-2JIvboGLeho-unsplash.png",1700,832,false]},"post_excerpt_stackable":"<p>Come professionisti, noi stessi sappiamo che il processo di promozione dell&#8217;inclusione sociale non \u00e8 unidimensionale e, le informazioni disponibili su Internet con le migliori pratiche e metodologie che possono aiutarci nella nostra vita quotidiana, possono essere schiaccianti. L&#8217;e-Guidebook presenta tecniche e informazioni in modo multidimensionale per realizzare un&#8217;integrazione all inclusive. L&#8217;attuale e-Guidebook mira a fornire alcuni&#8230; SUGGERIMENTI ai professionisti che lavorano con migranti e rifugiati sulle migliori pratiche e metodologie di inclusione sociale, divisi in quattro argomenti: a) Integrazione educativa, b) Interculturalit\u00e0, c) Vita familiare e sociale e d) Occupabilit\u00e0. L&#8217;e-Guidebook HINTS \u00e8 stato progettato da professionisti per professionisti. Scarica&hellip;<\/p>\n","category_list":"","author_info":{"name":"roussos","url":"https:\/\/hints-project.eu\/it\/author\/roussos\/"},"comments_num":"0 commenti","_links":{"self":[{"href":"https:\/\/hints-project.eu\/it\/wp-json\/wp\/v2\/pages\/1343","targetHints":{"allow":["GET"]}}],"collection":[{"href":"https:\/\/hints-project.eu\/it\/wp-json\/wp\/v2\/pages"}],"about":[{"href":"https:\/\/hints-project.eu\/it\/wp-json\/wp\/v2\/types\/page"}],"author":[{"embeddable":true,"href":"https:\/\/hints-project.eu\/it\/wp-json\/wp\/v2\/users\/2"}],"replies":[{"embeddable":true,"href":"https:\/\/hints-project.eu\/it\/wp-json\/wp\/v2\/comments?post=1343"}],"version-history":[{"count":7,"href":"https:\/\/hints-project.eu\/it\/wp-json\/wp\/v2\/pages\/1343\/revisions"}],"predecessor-version":[{"id":1671,"href":"https:\/\/hints-project.eu\/it\/wp-json\/wp\/v2\/pages\/1343\/revisions\/1671"}],"wp:featuredmedia":[{"embeddable":true,"href":"https:\/\/hints-project.eu\/it\/wp-json\/wp\/v2\/media\/1285"}],"wp:attachment":[{"href":"https:\/\/hints-project.eu\/it\/wp-json\/wp\/v2\/media?parent=1343"}],"curies":[{"name":"wp","href":"https:\/\/api.w.org\/{rel}","templated":true}]}}