{"id":1339,"date":"2022-02-19T16:51:00","date_gmt":"2022-02-19T16:51:00","guid":{"rendered":"https:\/\/hints-project.eu\/partenariato\/"},"modified":"2023-01-10T15:07:49","modified_gmt":"2023-01-10T15:07:49","slug":"partenariato","status":"publish","type":"page","link":"https:\/\/hints-project.eu\/it\/partenariato\/","title":{"rendered":"Partenariato"},"content":{"rendered":"\n<div class=\"wp-block-stackable-spacer stk-block-spacer stk--no-padding stk-block stk-6a8268d\" data-block-id=\"6a8268d\"><style>.stk-6a8268d{height:130px !important}@media screen and (max-width:1023px){.stk-6a8268d{height:80px !important}}<\/style><\/div>\n\n\n\n<div class=\"wp-block-media-text alignwide is-stacked-on-mobile animated fadeInUp slow\" style=\"grid-template-columns:25% auto\"><figure class=\"wp-block-media-text__media\"><a href=\"https:\/\/www.ergon-training.eu\/\" target=\"_blank\" rel=\"noreferrer noopener\"><img loading=\"lazy\" decoding=\"async\" width=\"885\" height=\"258\" src=\"https:\/\/hints-project.eu\/wp-content\/uploads\/2023\/01\/ERGON-logo_white_1250x1250.png\" alt=\"\" class=\"wp-image-1369 size-full\" srcset=\"https:\/\/hints-project.eu\/wp-content\/uploads\/2023\/01\/ERGON-logo_white_1250x1250.png 885w, https:\/\/hints-project.eu\/wp-content\/uploads\/2023\/01\/ERGON-logo_white_1250x1250-300x87.png 300w, https:\/\/hints-project.eu\/wp-content\/uploads\/2023\/01\/ERGON-logo_white_1250x1250-768x224.png 768w\" sizes=\"auto, (max-width: 885px) 100vw, 885px\" \/><\/a><\/figure><div class=\"wp-block-media-text__content\">\n<p>Ergon Training \u00e8 un&#8217;organizzazione senza scopo di lucro che mira a migliorare le competenze pre-professionali attraverso l&#8217;istruzione e la formazione professionale, applicando sempre i principi dell&#8217;apprendimento esperienziale e dell&#8217;educazione degli adulti. Ergon Training ha una notevole esperienza nella formazione degli adulti su temi legati alla comunicazione e alle competenze trasversali, svolgendo cos\u00ec un ruolo importante nell&#8217;apprendimento permanente.<\/p>\n<\/div><\/div>\n\n\n\n<div style=\"height:130px\" aria-hidden=\"true\" class=\"wp-block-spacer\"><\/div>\n\n\n\n<div class=\"wp-block-media-text alignwide is-stacked-on-mobile animated fadeInUp slow\" style=\"grid-template-columns:25% auto\"><figure class=\"wp-block-media-text__media\"><a href=\"http:\/\/www.connectathens.gr\/index.php\" target=\"_blank\" rel=\"noreferrer noopener\"><img loading=\"lazy\" decoding=\"async\" width=\"347\" height=\"192\" src=\"https:\/\/hints-project.eu\/wp-content\/uploads\/2022\/08\/CYC.jpg\" alt=\"\" class=\"wp-image-979 size-full\" srcset=\"https:\/\/hints-project.eu\/wp-content\/uploads\/2022\/08\/CYC.jpg 347w, https:\/\/hints-project.eu\/wp-content\/uploads\/2022\/08\/CYC-300x166.jpg 300w\" sizes=\"auto, (max-width: 347px) 100vw, 347px\" \/><\/a><\/figure><div class=\"wp-block-media-text__content\">\n<p>CONNECT YOUR CITY (CYC) \u00e8 il pioniere integrato Youth Center, con sede a Nicosia, Cipro, parte di una pi\u00f9 ampia rete europea di iniziative &#8220;Connetti la tua citt\u00e0&#8221;. La visione di CYC \u00e8 quella di creare una rete di centri giovani che siano attivi a livello di quartiere su scala europea e, attraverso questi centri, sia possibile consentire ai giovani di avere un impatto attivo e positivo nelle loro societ\u00e0 a livello locale. CYC agisce come uno spazio aperto fisico e virtuale per i giovani, che possono interagire e sviluppare la loro capacit\u00e0 di utilizzare il loro tempo libero creativo, sviluppare le loro competenze attraverso programmi di formazione e, infine, di essere guidati per accedere al mercato del lavoro. CYC \u00e8 specializzata nell&#8217;empowerment dei giovani attraverso l&#8217;innovazione sociale, la consapevolezza ambientale, lo sviluppo delle competenze sociali, la tecnologia e i nuovi media, le arti, lo sport e la cultura.<\/p>\n<\/div><\/div>\n\n\n\n<div style=\"height:130px\" aria-hidden=\"true\" class=\"wp-block-spacer\"><\/div>\n\n\n\n<div class=\"wp-block-media-text alignwide is-stacked-on-mobile animated fadeInUp slow\" style=\"grid-template-columns:25% auto\"><figure class=\"wp-block-media-text__media\"><a href=\"https:\/\/www.dnb.com\/business-directory\/company-profiles.forum_citoyens-burgers_asbl.9980afd330b8e9b59fa5da063e3d3ff4.html\" target=\"_blank\" rel=\"noreferrer noopener\"><img loading=\"lazy\" decoding=\"async\" width=\"1024\" height=\"644\" src=\"https:\/\/hints-project.eu\/wp-content\/uploads\/2022\/08\/LG_FCB_A4-1024x644.png\" alt=\"\" class=\"wp-image-980 size-full\" srcset=\"https:\/\/hints-project.eu\/wp-content\/uploads\/2022\/08\/LG_FCB_A4-1024x644.png 1024w, https:\/\/hints-project.eu\/wp-content\/uploads\/2022\/08\/LG_FCB_A4-300x189.png 300w, https:\/\/hints-project.eu\/wp-content\/uploads\/2022\/08\/LG_FCB_A4-768x483.png 768w, https:\/\/hints-project.eu\/wp-content\/uploads\/2022\/08\/LG_FCB_A4-1536x965.png 1536w, https:\/\/hints-project.eu\/wp-content\/uploads\/2022\/08\/LG_FCB_A4-2048x1287.png 2048w\" sizes=\"auto, (max-width: 1024px) 100vw, 1024px\" \/><\/a><\/figure><div class=\"wp-block-media-text__content\">\n<p>FCB \u00e8 una ONG con sede in Belgio che vuole sviluppare e promuovere la formazione e l&#8217;educazione degli adulti, in particolare a Bruxelles e a livello globale nella regione di lingua francese. \u00c8 stato istituito nel 2019 per soddisfare le esigenze di tutti i cittadini che desiderano partecipare a varie attivit\u00e0 di apprendimento al fine di aumentare la cittadinanza attiva. FCB mira, attraverso l&#8217;istruzione, la formazione e la lotta contro le disuguaglianze, a costruire le condizioni per l&#8217;emancipazione delle persone e una cittadinanza attiva, senza alcuna esclusione.<\/p>\n<\/div><\/div>\n\n\n\n<div style=\"height:130px\" aria-hidden=\"true\" class=\"wp-block-spacer\"><\/div>\n\n\n\n<div class=\"wp-block-media-text alignwide is-stacked-on-mobile animated fadeInUp slow\" style=\"grid-template-columns:25% auto\"><figure class=\"wp-block-media-text__media\"><a href=\"https:\/\/www.educationinprogress.eu\/\" target=\"_blank\" rel=\"noreferrer noopener\"><img loading=\"lazy\" decoding=\"async\" width=\"348\" height=\"100\" src=\"https:\/\/hints-project.eu\/wp-content\/uploads\/2022\/08\/Logo_ITALIA_Education_InProgress.png\" alt=\"\" class=\"wp-image-981 size-full\" srcset=\"https:\/\/hints-project.eu\/wp-content\/uploads\/2022\/08\/Logo_ITALIA_Education_InProgress.png 348w, https:\/\/hints-project.eu\/wp-content\/uploads\/2022\/08\/Logo_ITALIA_Education_InProgress-300x86.png 300w\" sizes=\"auto, (max-width: 348px) 100vw, 348px\" \/><\/a><\/figure><div class=\"wp-block-media-text__content\">\n<p>Education In Progress Italia \u00e8 un&#8217;organizzazione senza scopo di lucro con sede a Messina, Italia, che opera nell&#8217;ambito della progettazione europea, della formazione del personale nelle scuole per adulti e nei centri per migranti adulti nel Sud Italia. Fornisce inoltre metodi innovativi per integrare gli studenti di ogni estrazione sociale ed economica nella societ\u00e0 e nel mercato del lavoro. La missione dello Staff In Progress \u00e8 fare della mobilit\u00e0, attraverso il programma Erasmus+, uno strumento per favorire lo sviluppo economico e sociale. In Education InProgress sviluppiamo progetti riguardanti azioni educative formali, non formali e informali con particolare attenzione all&#8217;educazione non professionale degli adulti. Inoltre, diamo importanza ai percorsi di apprendimento permanente non direttamente collegati al mercato del lavoro, alla formazione professionale esterna (settore IFP) e all&#8217;istruzione superiore.<\/p>\n<\/div><\/div>\n\n\n\n<div style=\"height:130px\" aria-hidden=\"true\" class=\"wp-block-spacer\"><\/div>\n","protected":false},"excerpt":{"rendered":"<p>Ergon Training \u00e8 un&#8217;organizzazione senza scopo di lucro che mira a migliorare le competenze pre-professionali attraverso l&#8217;istruzione e la formazione professionale, applicando sempre i principi dell&#8217;apprendimento esperienziale e dell&#8217;educazione degli adulti. Ergon Training ha una notevole esperienza nella formazione degli adulti su temi legati alla comunicazione e alle competenze trasversali, svolgendo cos\u00ec un ruolo importante nell&#8217;apprendimento permanente. CONNECT YOUR CITY (CYC) \u00e8 il pioniere integrato Youth Center, con sede a Nicosia, Cipro, parte di una pi\u00f9 ampia rete europea di iniziative &#8220;Connetti la tua citt\u00e0&#8221;. La visione di CYC \u00e8 quella di creare una rete di centri giovani che siano\u2026<\/p>\n","protected":false},"author":2,"featured_media":1282,"parent":0,"menu_order":0,"comment_status":"closed","ping_status":"closed","template":"","meta":{"footnotes":""},"class_list":["post-1339","page","type-page","status-publish","has-post-thumbnail","hentry"],"blocksy_meta":{"styles_descriptor":{"styles":{"desktop":"","tablet":"","mobile":""},"google_fonts":[],"version":5}},"featured_image_urls":{"full":["https:\/\/hints-project.eu\/wp-content\/uploads\/2022\/08\/helena-lopes-PGnqT0rXWLs-unsplash.png",1700,832,false],"thumbnail":["https:\/\/hints-project.eu\/wp-content\/uploads\/2022\/08\/helena-lopes-PGnqT0rXWLs-unsplash-150x150.png",150,150,true],"medium":["https:\/\/hints-project.eu\/wp-content\/uploads\/2022\/08\/helena-lopes-PGnqT0rXWLs-unsplash-300x147.png",300,147,true],"medium_large":["https:\/\/hints-project.eu\/wp-content\/uploads\/2022\/08\/helena-lopes-PGnqT0rXWLs-unsplash-768x376.png",768,376,true],"large":["https:\/\/hints-project.eu\/wp-content\/uploads\/2022\/08\/helena-lopes-PGnqT0rXWLs-unsplash-1024x501.png",1024,501,true],"1536x1536":["https:\/\/hints-project.eu\/wp-content\/uploads\/2022\/08\/helena-lopes-PGnqT0rXWLs-unsplash-1536x752.png",1536,752,true],"2048x2048":["https:\/\/hints-project.eu\/wp-content\/uploads\/2022\/08\/helena-lopes-PGnqT0rXWLs-unsplash.png",1700,832,false]},"post_excerpt_stackable":"<p>Ergon Training \u00e8 un&#8217;organizzazione senza scopo di lucro che mira a migliorare le competenze pre-professionali attraverso l&#8217;istruzione e la formazione professionale, applicando sempre i principi dell&#8217;apprendimento esperienziale e dell&#8217;educazione degli adulti. Ergon Training ha una notevole esperienza nella formazione degli adulti su temi legati alla comunicazione e alle competenze trasversali, svolgendo cos\u00ec un ruolo importante nell&#8217;apprendimento permanente. CONNECT YOUR CITY (CYC) \u00e8 il pioniere integrato Youth Center, con sede a Nicosia, Cipro, parte di una pi\u00f9 ampia rete europea di iniziative &#8220;Connetti la tua citt\u00e0&#8221;. La visione di CYC \u00e8 quella di creare una rete di centri giovani che siano&hellip;<\/p>\n","category_list":"","author_info":{"name":"roussos","url":"https:\/\/hints-project.eu\/it\/author\/roussos\/"},"comments_num":"0 commenti","_links":{"self":[{"href":"https:\/\/hints-project.eu\/it\/wp-json\/wp\/v2\/pages\/1339","targetHints":{"allow":["GET"]}}],"collection":[{"href":"https:\/\/hints-project.eu\/it\/wp-json\/wp\/v2\/pages"}],"about":[{"href":"https:\/\/hints-project.eu\/it\/wp-json\/wp\/v2\/types\/page"}],"author":[{"embeddable":true,"href":"https:\/\/hints-project.eu\/it\/wp-json\/wp\/v2\/users\/2"}],"replies":[{"embeddable":true,"href":"https:\/\/hints-project.eu\/it\/wp-json\/wp\/v2\/comments?post=1339"}],"version-history":[{"count":4,"href":"https:\/\/hints-project.eu\/it\/wp-json\/wp\/v2\/pages\/1339\/revisions"}],"predecessor-version":[{"id":1373,"href":"https:\/\/hints-project.eu\/it\/wp-json\/wp\/v2\/pages\/1339\/revisions\/1373"}],"wp:featuredmedia":[{"embeddable":true,"href":"https:\/\/hints-project.eu\/it\/wp-json\/wp\/v2\/media\/1282"}],"wp:attachment":[{"href":"https:\/\/hints-project.eu\/it\/wp-json\/wp\/v2\/media?parent=1339"}],"curies":[{"name":"wp","href":"https:\/\/api.w.org\/{rel}","templated":true}]}}