{"id":1333,"date":"2022-02-20T08:28:45","date_gmt":"2022-02-20T08:28:45","guid":{"rendered":"https:\/\/hints-project.eu\/il-progetto\/"},"modified":"2022-08-29T14:50:03","modified_gmt":"2022-08-29T14:50:03","slug":"il-progetto","status":"publish","type":"page","link":"https:\/\/hints-project.eu\/it\/il-progetto\/","title":{"rendered":"Il progetto"},"content":{"rendered":"\n<div class=\"wp-block-stackable-spacer stk-block-spacer stk--no-padding stk-block stk-6090630\" data-block-id=\"6090630\"><style>.stk-6090630{height:100px !important}@media screen and (max-width:1023px){.stk-6090630{height:80px !important}}<\/style><\/div>\n\n<p class=\"o-typing-faster animated fadeInUp slow\">Sebbene la Commissione europea abbia annunciato nel marzo 2019 che la crisi dei migranti in Europa sta per concludersi, la realt\u00e0 mostra il contrario e l&#8217;afflusso di migranti rischia di aumentare ulteriormente in futuro. La crisi migratoria sembra essere ancora un problema emergente con dimensioni paneuropee; \u00e8 quindi essenziale promuovere la diversit\u00e0 e l&#8217;integrazione dei cittadini di Paesi terzi vulnerabili (TCN). Questo \u00e8 esattamente ci\u00f2 che il progetto HINTS mira a fare.<\/p>\n\n<div class=\"wp-block-columns is-layout-flex wp-container-core-columns-is-layout-9d6595d7 wp-block-columns-is-layout-flex\">\n<div class=\"wp-block-column is-vertically-aligned-top is-layout-flow wp-block-column-is-layout-flow\" style=\"flex-basis:100%\"><div class=\"wp-block-image animated jackInTheBox\">\n<figure class=\"aligncenter size-full is-resized\"><img loading=\"lazy\" decoding=\"async\" src=\"https:\/\/hints-project.eu\/wp-content\/uploads\/2022\/08\/HINTS_logo-2-white-background.png\" alt=\"\" class=\"wp-image-1013\" width=\"212\" height=\"212\" srcset=\"https:\/\/hints-project.eu\/wp-content\/uploads\/2022\/08\/HINTS_logo-2-white-background.png 500w, https:\/\/hints-project.eu\/wp-content\/uploads\/2022\/08\/HINTS_logo-2-white-background-300x300.png 300w, https:\/\/hints-project.eu\/wp-content\/uploads\/2022\/08\/HINTS_logo-2-white-background-150x150.png 150w\" sizes=\"auto, (max-width: 212px) 100vw, 212px\" \/><\/figure><\/div><\/div>\n<\/div>\n\n<h2 class=\"animated fadeInUp wp-block-heading\"><strong>Obiettivi<\/strong><\/h2>\n\n<p class=\"animated fadeInUp\">In particolare, il progetto HINTS mira a:<\/p>\n\n<p><\/p>\n\n<p class=\"animated fadeInUp\">\u2022 Fornire ai professionisti che lavorano con i TCN un manuale in formato digitale (e-Guidebook) di buone pratiche sull&#8217;inclusione sociale dei TCN, prendendo in considerazione un approccio multidisciplinare per massimizzare le potenzialit\u00e0 dell&#8217;integrazione;<\/p>\n\n<p class=\"animated fadeInUp\">\u2022 Migliorare la qualit\u00e0 dei servizi che mirano alle reti transeuropee forniti dai partner del consorzio, dotandolo del sopracitato e-Guidebook e migliorando lo scambio di buone pratiche;<\/p>\n\n<p class=\"animated fadeInUp\">\u2022 Sensibilizzare i centri di istruzione e formazione professionale, le imprese sociali, le altre organizzazioni (parti interessate) in materia di integrazione\/sostegno dei migranti e persino le comunit\u00e0 locali in merito all&#8217;inclusione sociale dei TCN;<\/p>\n\n<p class=\"animated fadeInUp\">\u2022 Promuovere il valore dell&#8217;approccio multidisciplinare all&#8217;integrazione dei migranti al fine di eliminare l&#8217;emarginazione, in quanto \u00e8 necessario attuare interventi multidimensionali.<\/p>\n\n<div style=\"height:100px\" aria-hidden=\"true\" class=\"wp-block-spacer\"><\/div>\n","protected":false},"excerpt":{"rendered":"<p>Sebbene la Commissione europea abbia annunciato nel marzo 2019 che la crisi dei migranti in Europa sta per concludersi, la realt\u00e0 mostra il contrario e l&#8217;afflusso di migranti rischia di aumentare ulteriormente in futuro. La crisi migratoria sembra essere ancora un problema emergente con dimensioni paneuropee; \u00e8 quindi essenziale promuovere la diversit\u00e0 e l&#8217;integrazione dei cittadini di Paesi terzi vulnerabili (TCN). Questo \u00e8 esattamente ci\u00f2 che il progetto HINTS mira a fare. Obiettivi In particolare, il progetto HINTS mira a: \u2022 Fornire ai professionisti che lavorano con i TCN un manuale in formato digitale (e-Guidebook) di buone pratiche sull&#8217;inclusione sociale\u2026<\/p>\n","protected":false},"author":2,"featured_media":1276,"parent":0,"menu_order":0,"comment_status":"closed","ping_status":"closed","template":"","meta":{"footnotes":""},"class_list":["post-1333","page","type-page","status-publish","has-post-thumbnail","hentry"],"blocksy_meta":{"styles_descriptor":{"styles":{"desktop":"","tablet":"","mobile":""},"google_fonts":[],"version":5}},"featured_image_urls":{"full":["https:\/\/hints-project.eu\/wp-content\/uploads\/2022\/08\/tyler-nix-V3dHmb1MOXM-unsplash.png",1700,832,false],"thumbnail":["https:\/\/hints-project.eu\/wp-content\/uploads\/2022\/08\/tyler-nix-V3dHmb1MOXM-unsplash-150x150.png",150,150,true],"medium":["https:\/\/hints-project.eu\/wp-content\/uploads\/2022\/08\/tyler-nix-V3dHmb1MOXM-unsplash-300x147.png",300,147,true],"medium_large":["https:\/\/hints-project.eu\/wp-content\/uploads\/2022\/08\/tyler-nix-V3dHmb1MOXM-unsplash-768x376.png",768,376,true],"large":["https:\/\/hints-project.eu\/wp-content\/uploads\/2022\/08\/tyler-nix-V3dHmb1MOXM-unsplash-1024x501.png",1024,501,true],"1536x1536":["https:\/\/hints-project.eu\/wp-content\/uploads\/2022\/08\/tyler-nix-V3dHmb1MOXM-unsplash-1536x752.png",1536,752,true],"2048x2048":["https:\/\/hints-project.eu\/wp-content\/uploads\/2022\/08\/tyler-nix-V3dHmb1MOXM-unsplash.png",1700,832,false]},"post_excerpt_stackable":"<p>Sebbene la Commissione europea abbia annunciato nel marzo 2019 che la crisi dei migranti in Europa sta per concludersi, la realt\u00e0 mostra il contrario e l&#8217;afflusso di migranti rischia di aumentare ulteriormente in futuro. La crisi migratoria sembra essere ancora un problema emergente con dimensioni paneuropee; \u00e8 quindi essenziale promuovere la diversit\u00e0 e l&#8217;integrazione dei cittadini di Paesi terzi vulnerabili (TCN). Questo \u00e8 esattamente ci\u00f2 che il progetto HINTS mira a fare. Obiettivi In particolare, il progetto HINTS mira a: \u2022 Fornire ai professionisti che lavorano con i TCN un manuale in formato digitale (e-Guidebook) di buone pratiche sull&#8217;inclusione sociale&hellip;<\/p>\n","category_list":"","author_info":{"name":"roussos","url":"https:\/\/hints-project.eu\/it\/author\/roussos\/"},"comments_num":"0 commenti","_links":{"self":[{"href":"https:\/\/hints-project.eu\/it\/wp-json\/wp\/v2\/pages\/1333","targetHints":{"allow":["GET"]}}],"collection":[{"href":"https:\/\/hints-project.eu\/it\/wp-json\/wp\/v2\/pages"}],"about":[{"href":"https:\/\/hints-project.eu\/it\/wp-json\/wp\/v2\/types\/page"}],"author":[{"embeddable":true,"href":"https:\/\/hints-project.eu\/it\/wp-json\/wp\/v2\/users\/2"}],"replies":[{"embeddable":true,"href":"https:\/\/hints-project.eu\/it\/wp-json\/wp\/v2\/comments?post=1333"}],"version-history":[{"count":1,"href":"https:\/\/hints-project.eu\/it\/wp-json\/wp\/v2\/pages\/1333\/revisions"}],"predecessor-version":[{"id":1334,"href":"https:\/\/hints-project.eu\/it\/wp-json\/wp\/v2\/pages\/1333\/revisions\/1334"}],"wp:featuredmedia":[{"embeddable":true,"href":"https:\/\/hints-project.eu\/it\/wp-json\/wp\/v2\/media\/1276"}],"wp:attachment":[{"href":"https:\/\/hints-project.eu\/it\/wp-json\/wp\/v2\/media?parent=1333"}],"curies":[{"name":"wp","href":"https:\/\/api.w.org\/{rel}","templated":true}]}}