{"id":1319,"date":"2022-08-03T14:49:14","date_gmt":"2022-08-03T14:49:14","guid":{"rendered":"https:\/\/hints-project.eu\/hints-e-guidebook\/"},"modified":"2023-06-12T12:59:41","modified_gmt":"2023-06-12T12:59:41","slug":"hints-e-guidebook","status":"publish","type":"page","link":"https:\/\/hints-project.eu\/fr\/hints-e-guidebook\/","title":{"rendered":"HINTS e-Guidebook"},"content":{"rendered":"\n<div style=\"height:130px\" aria-hidden=\"true\" class=\"wp-block-spacer\"><\/div>\n\n\n\n<p class=\"animated fadeInUp\">En tant que professionnels, nous savons que le processus de promotion de l&rsquo;inclusion sociale n&rsquo;est pas unidimensionnel et que les informations disponibles sur Internet concernant les meilleures pratiques et m\u00e9thodologies qui peuvent nous aider dans notre vie quotidienne peuvent \u00eatre \u00e9crasantes.<\/p>\n\n\n\n<div style=\"height:100px\" aria-hidden=\"true\" class=\"wp-block-spacer\"><\/div>\n\n\n\n<p class=\"animated fadeInUp\">L&rsquo;e-Guidebook pr\u00e9sente des techniques et des informations de mani\u00e8re multidimensionnelle afin d&rsquo;accomplir une int\u00e9gration globale.<\/p>\n\n\n\n<div style=\"height:100px\" aria-hidden=\"true\" class=\"wp-block-spacer\"><\/div>\n\n\n\n<p class=\"animated fadeInUp\">Le pr\u00e9sent e-Guidebook vise \u00e0 fournir quelques&#8230; HINTS aux professionnels travaillant avec les migrants et les r\u00e9fugi\u00e9s sur les meilleures pratiques et m\u00e9thodologies d&rsquo;inclusion sociale, divis\u00e9 en quatre th\u00e8mes :<\/p>\n\n\n\n<p class=\"animated fadeInUp\">a) Int\u00e9gration \u00e9ducative,<\/p>\n\n\n\n<p class=\"animated fadeInUp\">b) Interculturalit\u00e9,<\/p>\n\n\n\n<p class=\"animated fadeInUp\">c) Vie familiale et sociale et<\/p>\n\n\n\n<p class=\"animated fadeInUp\">d) Employabilit\u00e9.<\/p>\n\n\n\n<div style=\"height:100px\" aria-hidden=\"true\" class=\"wp-block-spacer\"><\/div>\n\n\n\n<p class=\"animated fadeInUp\">Le e-Guidebook HINTS a \u00e9t\u00e9 con\u00e7u par des professionnels pour des professionnels.<\/p>\n\n\n\n<div style=\"height:100px\" aria-hidden=\"true\" class=\"wp-block-spacer\"><\/div>\n\n\n\n<div class=\"wp-block-stackable-columns stk-block-columns stk-block stk-2a3243b\" data-block-id=\"2a3243b\"><div class=\"stk-row stk-inner-blocks stk-block-content stk-content-align stk-2a3243b-column\">\n<div class=\"wp-block-stackable-column stk-block-column stk-block-column--v2 stk-column stk-block stk-fa95bab\" data-block-id=\"fa95bab\"><style>@media screen and (min-width:768px){.stk-fa95bab{flex:1 1 25% !important}}<\/style><div class=\"stk-column-wrapper stk-block-column__content stk-container stk-fa95bab-container stk--no-background stk--no-padding\"><div class=\"stk-block-content stk-inner-blocks stk-fa95bab-inner-blocks\">\n<div class=\"wp-block-buttons alignfull is-layout-flex wp-block-buttons-is-layout-flex\">\n<div class=\"wp-block-button\"><a class=\"wp-block-button__link has-text-align-center wp-element-button\" href=\"https:\/\/hints-project.eu\/wp-content\/uploads\/2023\/06\/HINTS-EDUCATION-FR.pdf\" target=\"_blank\" rel=\"https:\/\/hints-project.eu\/wp-content\/uploads\/2023\/06\/HINTS-EDUCATION-EN.pdf noopener\">T\u00e9l\u00e9chargez le \u00ab\u00a0Int\u00e9gration de l&rsquo;\u00e9ducation\u00a0\u00bb e-Guidebook !<\/a><\/div>\n<\/div>\n<\/div><\/div><\/div>\n\n\n\n<div class=\"wp-block-stackable-column stk-block-column stk-block-column--v2 stk-column stk-block stk-7db6cc7\" data-block-id=\"7db6cc7\"><style>@media screen and (min-width:768px){.stk-7db6cc7{flex:1 1 25% !important}}<\/style><div class=\"stk-column-wrapper stk-block-column__content stk-container stk-7db6cc7-container stk--no-background stk--no-padding\"><div class=\"stk-block-content stk-inner-blocks stk-7db6cc7-inner-blocks\">\n<div class=\"wp-block-buttons alignfull is-layout-flex wp-block-buttons-is-layout-flex\">\n<div class=\"wp-block-button\"><a class=\"wp-block-button__link has-text-align-center wp-element-button\" href=\"https:\/\/hints-project.eu\/wp-content\/uploads\/2023\/06\/HINTS-INTERCULTURALITY-FR.pdf\" target=\"_blank\" rel=\"noreferrer noopener\">T\u00e9l\u00e9chargez le \u00ab\u00a0Interculturalit\u00e9\u00a0\u00bb e-Guidebook !<\/a><\/div>\n<\/div>\n<\/div><\/div><\/div>\n\n\n\n<div class=\"wp-block-stackable-column stk-block-column stk-block-column--v2 stk-column stk-block stk-53b2c25\" data-block-id=\"53b2c25\"><style>@media screen and (min-width:768px){.stk-53b2c25{flex:1 1 25% !important}}<\/style><div class=\"stk-column-wrapper stk-block-column__content stk-container stk-53b2c25-container stk--no-background stk--no-padding\"><div class=\"stk-block-content stk-inner-blocks stk-53b2c25-inner-blocks\">\n<div class=\"wp-block-buttons alignfull is-layout-flex wp-block-buttons-is-layout-flex\">\n<div class=\"wp-block-button\"><a class=\"wp-block-button__link has-text-align-center wp-element-button\" href=\"https:\/\/hints-project.eu\/wp-content\/uploads\/2023\/06\/HINTS-FAMILY-AND-SOCIAL-ADVICE-FR.pdf\" target=\"_blank\" rel=\"noreferrer noopener\">T\u00e9l\u00e9chargez le \u00ab\u00a0CONSEILS FAMILIAUX ET SOCIAUX\u00a0\u00bb e-Guidebook !<\/a><\/div>\n<\/div>\n<\/div><\/div><\/div>\n\n\n\n<div class=\"wp-block-stackable-column stk-block-column stk-block-column--v2 stk-column stk-block stk-5ebb556\" data-block-id=\"5ebb556\"><style>@media screen and (min-width:768px){.stk-5ebb556{flex:1 1 25% !important}}<\/style><div class=\"stk-column-wrapper stk-block-column__content stk-container stk-5ebb556-container stk--no-background stk--no-padding\"><div class=\"stk-block-content stk-inner-blocks stk-5ebb556-inner-blocks\">\n<div class=\"wp-block-buttons alignfull is-layout-flex wp-block-buttons-is-layout-flex\">\n<div class=\"wp-block-button\"><a class=\"wp-block-button__link has-text-align-center wp-element-button\" href=\"https:\/\/hints-project.eu\/wp-content\/uploads\/2023\/06\/HINTS-EMPLOYABILITY-FR.pdf\" target=\"_blank\" rel=\"noreferrer noopener\">T\u00e9l\u00e9chargez le \u00ab\u00a0CONSEIL SUR L\u2019EMPLOYABILIT\u00c9\u00a0\u00bb e-Guidebook !<\/a><\/div>\n<\/div>\n<\/div><\/div><\/div>\n<\/div><\/div>\n\n\n\n<div style=\"height:130px\" aria-hidden=\"true\" class=\"wp-block-spacer\"><\/div>\n","protected":false},"excerpt":{"rendered":"<p>En tant que professionnels, nous savons que le processus de promotion de l&rsquo;inclusion sociale n&rsquo;est pas unidimensionnel et que les informations disponibles sur Internet concernant les meilleures pratiques et m\u00e9thodologies qui peuvent nous aider dans notre vie quotidienne peuvent \u00eatre \u00e9crasantes. L&rsquo;e-Guidebook pr\u00e9sente des techniques et des informations de mani\u00e8re multidimensionnelle afin d&rsquo;accomplir une int\u00e9gration globale. Le pr\u00e9sent e-Guidebook vise \u00e0 fournir quelques&#8230; HINTS aux professionnels travaillant avec les migrants et les r\u00e9fugi\u00e9s sur les meilleures pratiques et m\u00e9thodologies d&rsquo;inclusion sociale, divis\u00e9 en quatre th\u00e8mes : a) Int\u00e9gration \u00e9ducative, b) Interculturalit\u00e9, c) Vie familiale et sociale et d) Employabilit\u00e9. Le\u2026<\/p>\n","protected":false},"author":2,"featured_media":1283,"parent":0,"menu_order":0,"comment_status":"closed","ping_status":"closed","template":"","meta":{"footnotes":""},"class_list":["post-1319","page","type-page","status-publish","has-post-thumbnail","hentry"],"blocksy_meta":{"styles_descriptor":{"styles":{"desktop":"","tablet":"","mobile":""},"google_fonts":[],"version":5}},"featured_image_urls":{"full":["https:\/\/hints-project.eu\/wp-content\/uploads\/2022\/08\/susan-q-yin-2JIvboGLeho-unsplash.png",1700,832,false],"thumbnail":["https:\/\/hints-project.eu\/wp-content\/uploads\/2022\/08\/susan-q-yin-2JIvboGLeho-unsplash-150x150.png",150,150,true],"medium":["https:\/\/hints-project.eu\/wp-content\/uploads\/2022\/08\/susan-q-yin-2JIvboGLeho-unsplash-300x147.png",300,147,true],"medium_large":["https:\/\/hints-project.eu\/wp-content\/uploads\/2022\/08\/susan-q-yin-2JIvboGLeho-unsplash-768x376.png",768,376,true],"large":["https:\/\/hints-project.eu\/wp-content\/uploads\/2022\/08\/susan-q-yin-2JIvboGLeho-unsplash-1024x501.png",1024,501,true],"1536x1536":["https:\/\/hints-project.eu\/wp-content\/uploads\/2022\/08\/susan-q-yin-2JIvboGLeho-unsplash-1536x752.png",1536,752,true],"2048x2048":["https:\/\/hints-project.eu\/wp-content\/uploads\/2022\/08\/susan-q-yin-2JIvboGLeho-unsplash.png",1700,832,false]},"post_excerpt_stackable":"<p>En tant que professionnels, nous savons que le processus de promotion de l&rsquo;inclusion sociale n&rsquo;est pas unidimensionnel et que les informations disponibles sur Internet concernant les meilleures pratiques et m\u00e9thodologies qui peuvent nous aider dans notre vie quotidienne peuvent \u00eatre \u00e9crasantes. L&rsquo;e-Guidebook pr\u00e9sente des techniques et des informations de mani\u00e8re multidimensionnelle afin d&rsquo;accomplir une int\u00e9gration globale. Le pr\u00e9sent e-Guidebook vise \u00e0 fournir quelques&#8230; HINTS aux professionnels travaillant avec les migrants et les r\u00e9fugi\u00e9s sur les meilleures pratiques et m\u00e9thodologies d&rsquo;inclusion sociale, divis\u00e9 en quatre th\u00e8mes : a) Int\u00e9gration \u00e9ducative, b) Interculturalit\u00e9, c) Vie familiale et sociale et d) Employabilit\u00e9. Le\u2026<\/p>\n","category_list":"","author_info":{"name":"roussos","url":"https:\/\/hints-project.eu\/fr\/author\/roussos\/"},"comments_num":"0 commentaire","_links":{"self":[{"href":"https:\/\/hints-project.eu\/fr\/wp-json\/wp\/v2\/pages\/1319","targetHints":{"allow":["GET"]}}],"collection":[{"href":"https:\/\/hints-project.eu\/fr\/wp-json\/wp\/v2\/pages"}],"about":[{"href":"https:\/\/hints-project.eu\/fr\/wp-json\/wp\/v2\/types\/page"}],"author":[{"embeddable":true,"href":"https:\/\/hints-project.eu\/fr\/wp-json\/wp\/v2\/users\/2"}],"replies":[{"embeddable":true,"href":"https:\/\/hints-project.eu\/fr\/wp-json\/wp\/v2\/comments?post=1319"}],"version-history":[{"count":11,"href":"https:\/\/hints-project.eu\/fr\/wp-json\/wp\/v2\/pages\/1319\/revisions"}],"predecessor-version":[{"id":1668,"href":"https:\/\/hints-project.eu\/fr\/wp-json\/wp\/v2\/pages\/1319\/revisions\/1668"}],"wp:featuredmedia":[{"embeddable":true,"href":"https:\/\/hints-project.eu\/fr\/wp-json\/wp\/v2\/media\/1283"}],"wp:attachment":[{"href":"https:\/\/hints-project.eu\/fr\/wp-json\/wp\/v2\/media?parent=1319"}],"curies":[{"name":"wp","href":"https:\/\/api.w.org\/{rel}","templated":true}]}}