{"id":1315,"date":"2022-02-19T16:51:00","date_gmt":"2022-02-19T16:51:00","guid":{"rendered":"https:\/\/hints-project.eu\/partenariat\/"},"modified":"2023-01-10T15:07:34","modified_gmt":"2023-01-10T15:07:34","slug":"partenariat","status":"publish","type":"page","link":"https:\/\/hints-project.eu\/fr\/partenariat\/","title":{"rendered":"Partenariat"},"content":{"rendered":"\n<div class=\"wp-block-stackable-spacer stk-block-spacer stk--no-padding stk-block stk-6a8268d\" data-block-id=\"6a8268d\"><style>.stk-6a8268d{height:130px !important}@media screen and (max-width:1023px){.stk-6a8268d{height:80px !important}}<\/style><\/div>\n\n\n\n<div class=\"wp-block-media-text alignwide is-stacked-on-mobile animated fadeInUp slow\" style=\"grid-template-columns:25% auto\"><figure class=\"wp-block-media-text__media\"><a href=\"https:\/\/www.ergon-training.eu\/\" target=\"_blank\" rel=\"noreferrer noopener\"><img loading=\"lazy\" decoding=\"async\" width=\"885\" height=\"258\" src=\"https:\/\/hints-project.eu\/wp-content\/uploads\/2023\/01\/ERGON-logo_white_1250x1250.png\" alt=\"\" class=\"wp-image-1367 size-full\" srcset=\"https:\/\/hints-project.eu\/wp-content\/uploads\/2023\/01\/ERGON-logo_white_1250x1250.png 885w, https:\/\/hints-project.eu\/wp-content\/uploads\/2023\/01\/ERGON-logo_white_1250x1250-300x87.png 300w, https:\/\/hints-project.eu\/wp-content\/uploads\/2023\/01\/ERGON-logo_white_1250x1250-768x224.png 768w\" sizes=\"auto, (max-width: 885px) 100vw, 885px\" \/><\/a><\/figure><div class=\"wp-block-media-text__content\">\n<p>Ergon Training est une organisation \u00e0 but non lucratif qui vise \u00e0 am\u00e9liorer les comp\u00e9tences pr\u00e9professionnelles par le biais de l&rsquo;enseignement et de la formation professionnels, en appliquant toujours les principes de l&rsquo;apprentissage par l&rsquo;exp\u00e9rience et de l&rsquo;\u00e9ducation des adultes. Ergon Training poss\u00e8de une exp\u00e9rience consid\u00e9rable dans la formation des adultes sur les questions li\u00e9es \u00e0 la communication et aux comp\u00e9tences transversales, jouant ainsi un r\u00f4le s\u00e9rieux dans l&rsquo;apprentissage tout au long de la vie.<\/p>\n<\/div><\/div>\n\n\n\n<div style=\"height:130px\" aria-hidden=\"true\" class=\"wp-block-spacer\"><\/div>\n\n\n\n<div class=\"wp-block-media-text alignwide is-stacked-on-mobile animated fadeInUp slow\" style=\"grid-template-columns:25% auto\"><figure class=\"wp-block-media-text__media\"><a href=\"http:\/\/www.connectathens.gr\/index.php\" target=\"_blank\" rel=\"noreferrer noopener\"><img loading=\"lazy\" decoding=\"async\" width=\"347\" height=\"192\" src=\"https:\/\/hints-project.eu\/wp-content\/uploads\/2022\/08\/CYC.jpg\" alt=\"\" class=\"wp-image-979 size-full\" srcset=\"https:\/\/hints-project.eu\/wp-content\/uploads\/2022\/08\/CYC.jpg 347w, https:\/\/hints-project.eu\/wp-content\/uploads\/2022\/08\/CYC-300x166.jpg 300w\" sizes=\"auto, (max-width: 347px) 100vw, 347px\" \/><\/a><\/figure><div class=\"wp-block-media-text__content\">\n<p>CONNECT YOUR CITY (CYC) est le premier centre de jeunesse int\u00e9gr\u00e9, bas\u00e9 \u00e0 Nicosie, \u00e0 Chypre, qui fait partie d&rsquo;un r\u00e9seau europ\u00e9en plus large d&rsquo;initiatives \u00ab\u00a0Connect Your City\u00a0\u00bb. La vision de CYC est d&rsquo;\u00e9tablir un r\u00e9seau de centres pour les jeunes qui sont actifs au niveau de leur quartier, \u00e0 l&rsquo;\u00e9chelle europ\u00e9enne, et \u00e0 travers ces centres. Il s&rsquo;agit de donner aux jeunes les moyens d&rsquo;avoir un impact actif et positif dans leurs soci\u00e9t\u00e9s locales. Le CYC agit en tant qu&rsquo;espace ouvert physique et virtuel pour que les jeunes puissent interagir et d\u00e9velopper leur capacit\u00e9 \u00e0 utiliser leur temps libre de mani\u00e8re cr\u00e9ative, \u00e0 d\u00e9velopper leurs comp\u00e9tences par le biais de programmes de formation et, enfin, \u00e0 \u00eatre guid\u00e9s pour acc\u00e9der au march\u00e9 du travail. Le CYC est sp\u00e9cialis\u00e9 dans l&rsquo;autonomisation des jeunes par l&rsquo;innovation sociale, la sensibilisation \u00e0 l&rsquo;environnement, le d\u00e9veloppement des comp\u00e9tences sociales, la technologie et les nouveaux m\u00e9dias, les arts, les sports et la culture.<\/p>\n<\/div><\/div>\n\n\n\n<div style=\"height:130px\" aria-hidden=\"true\" class=\"wp-block-spacer\"><\/div>\n\n\n\n<div class=\"wp-block-media-text alignwide is-stacked-on-mobile animated fadeInUp slow\" style=\"grid-template-columns:25% auto\"><figure class=\"wp-block-media-text__media\"><a href=\"https:\/\/www.dnb.com\/business-directory\/company-profiles.forum_citoyens-burgers_asbl.9980afd330b8e9b59fa5da063e3d3ff4.html\" target=\"_blank\" rel=\"noreferrer noopener\"><img loading=\"lazy\" decoding=\"async\" width=\"1024\" height=\"644\" src=\"https:\/\/hints-project.eu\/wp-content\/uploads\/2022\/08\/LG_FCB_A4-1024x644.png\" alt=\"\" class=\"wp-image-980 size-full\" srcset=\"https:\/\/hints-project.eu\/wp-content\/uploads\/2022\/08\/LG_FCB_A4-1024x644.png 1024w, https:\/\/hints-project.eu\/wp-content\/uploads\/2022\/08\/LG_FCB_A4-300x189.png 300w, https:\/\/hints-project.eu\/wp-content\/uploads\/2022\/08\/LG_FCB_A4-768x483.png 768w, https:\/\/hints-project.eu\/wp-content\/uploads\/2022\/08\/LG_FCB_A4-1536x965.png 1536w, https:\/\/hints-project.eu\/wp-content\/uploads\/2022\/08\/LG_FCB_A4-2048x1287.png 2048w\" sizes=\"auto, (max-width: 1024px) 100vw, 1024px\" \/><\/a><\/figure><div class=\"wp-block-media-text__content\">\n<p>FCB est une ONG bas\u00e9e en Belgique qui veut d\u00e9velopper et promouvoir la formation et l&rsquo;\u00e9ducation des adultes, en particulier \u00e0 Bruxelles et globalement dans la r\u00e9gion francophone. Elle a \u00e9t\u00e9 cr\u00e9\u00e9e en 2019 pour r\u00e9pondre aux besoins de tous les citoyens qui souhaitent participer \u00e0 diverses activit\u00e9s d&rsquo;apprentissage afin d&rsquo;accro\u00eetre la citoyennet\u00e9 active. FCB vise, par l&rsquo;\u00e9ducation, la formation et la lutte contre les in\u00e9galit\u00e9s, \u00e0 construire les conditions de l&rsquo;\u00e9mancipation des personnes et d&rsquo;une citoyennet\u00e9 active, sans aucune exclusion.<\/p>\n<\/div><\/div>\n\n\n\n<div style=\"height:130px\" aria-hidden=\"true\" class=\"wp-block-spacer\"><\/div>\n\n\n\n<div class=\"wp-block-media-text alignwide is-stacked-on-mobile animated fadeInUp slow\" style=\"grid-template-columns:25% auto\"><figure class=\"wp-block-media-text__media\"><a href=\"https:\/\/www.educationinprogress.eu\/\" target=\"_blank\" rel=\"noreferrer noopener\"><img loading=\"lazy\" decoding=\"async\" width=\"348\" height=\"100\" src=\"https:\/\/hints-project.eu\/wp-content\/uploads\/2022\/08\/Logo_ITALIA_Education_InProgress.png\" alt=\"\" class=\"wp-image-981 size-full\" srcset=\"https:\/\/hints-project.eu\/wp-content\/uploads\/2022\/08\/Logo_ITALIA_Education_InProgress.png 348w, https:\/\/hints-project.eu\/wp-content\/uploads\/2022\/08\/Logo_ITALIA_Education_InProgress-300x86.png 300w\" sizes=\"auto, (max-width: 348px) 100vw, 348px\" \/><\/a><\/figure><div class=\"wp-block-media-text__content\">\n<p>Education In Progress Italia est une organisation \u00e0 but non lucratif bas\u00e9e \u00e0 Messine, en Italie, qui op\u00e8re dans le cadre de la conception de projets europ\u00e9ens, la formation du personnel dans les \u00e9coles pour adultes et les centres pour migrants adultes dans le sud de l&rsquo;Italie. Elle propose \u00e9galement des m\u00e9thodes innovantes pour int\u00e9grer les \u00e9tudiants de tous les milieux sociaux et \u00e9conomiques dans la soci\u00e9t\u00e9 et sur le march\u00e9 du travail. La mission du personnel est de faire de la mobilit\u00e9, par le biais du programme Erasmus+, un outil pour encourager le d\u00e9veloppement \u00e9conomique et social. Education InProgress d\u00e9veloppe des projets concernant des actions \u00e9ducatives formelles, non formelles et informelles, avec un accent particulier sur l&rsquo;\u00e9ducation non professionnelle des adultes. De plus, elle accorde de l&rsquo;importance aux parcours d&rsquo;apprentissage tout au long de la vie qui ne sont pas directement li\u00e9s au march\u00e9 du travail, et en dehors de la formation professionnelle (secteur VET) et de l&rsquo;enseignement sup\u00e9rieur.<\/p>\n<\/div><\/div>\n\n\n\n<div style=\"height:130px\" aria-hidden=\"true\" class=\"wp-block-spacer\"><\/div>\n","protected":false},"excerpt":{"rendered":"<p>Ergon Training est une organisation \u00e0 but non lucratif qui vise \u00e0 am\u00e9liorer les comp\u00e9tences pr\u00e9professionnelles par le biais de l&rsquo;enseignement et de la formation professionnels, en appliquant toujours les principes de l&rsquo;apprentissage par l&rsquo;exp\u00e9rience et de l&rsquo;\u00e9ducation des adultes. Ergon Training poss\u00e8de une exp\u00e9rience consid\u00e9rable dans la formation des adultes sur les questions li\u00e9es \u00e0 la communication et aux comp\u00e9tences transversales, jouant ainsi un r\u00f4le s\u00e9rieux dans l&rsquo;apprentissage tout au long de la vie. CONNECT YOUR CITY (CYC) est le premier centre de jeunesse int\u00e9gr\u00e9, bas\u00e9 \u00e0 Nicosie, \u00e0 Chypre, qui fait partie d&rsquo;un r\u00e9seau europ\u00e9en plus large d&rsquo;initiatives\u2026<\/p>\n","protected":false},"author":2,"featured_media":1280,"parent":0,"menu_order":0,"comment_status":"closed","ping_status":"closed","template":"","meta":{"footnotes":""},"class_list":["post-1315","page","type-page","status-publish","has-post-thumbnail","hentry"],"blocksy_meta":{"styles_descriptor":{"styles":{"desktop":"","tablet":"","mobile":""},"google_fonts":[],"version":5}},"featured_image_urls":{"full":["https:\/\/hints-project.eu\/wp-content\/uploads\/2022\/08\/helena-lopes-PGnqT0rXWLs-unsplash.png",1700,832,false],"thumbnail":["https:\/\/hints-project.eu\/wp-content\/uploads\/2022\/08\/helena-lopes-PGnqT0rXWLs-unsplash-150x150.png",150,150,true],"medium":["https:\/\/hints-project.eu\/wp-content\/uploads\/2022\/08\/helena-lopes-PGnqT0rXWLs-unsplash-300x147.png",300,147,true],"medium_large":["https:\/\/hints-project.eu\/wp-content\/uploads\/2022\/08\/helena-lopes-PGnqT0rXWLs-unsplash-768x376.png",768,376,true],"large":["https:\/\/hints-project.eu\/wp-content\/uploads\/2022\/08\/helena-lopes-PGnqT0rXWLs-unsplash-1024x501.png",1024,501,true],"1536x1536":["https:\/\/hints-project.eu\/wp-content\/uploads\/2022\/08\/helena-lopes-PGnqT0rXWLs-unsplash-1536x752.png",1536,752,true],"2048x2048":["https:\/\/hints-project.eu\/wp-content\/uploads\/2022\/08\/helena-lopes-PGnqT0rXWLs-unsplash.png",1700,832,false]},"post_excerpt_stackable":"<p>Ergon Training est une organisation \u00e0 but non lucratif qui vise \u00e0 am\u00e9liorer les comp\u00e9tences pr\u00e9professionnelles par le biais de l&rsquo;enseignement et de la formation professionnels, en appliquant toujours les principes de l&rsquo;apprentissage par l&rsquo;exp\u00e9rience et de l&rsquo;\u00e9ducation des adultes. Ergon Training poss\u00e8de une exp\u00e9rience consid\u00e9rable dans la formation des adultes sur les questions li\u00e9es \u00e0 la communication et aux comp\u00e9tences transversales, jouant ainsi un r\u00f4le s\u00e9rieux dans l&rsquo;apprentissage tout au long de la vie. CONNECT YOUR CITY (CYC) est le premier centre de jeunesse int\u00e9gr\u00e9, bas\u00e9 \u00e0 Nicosie, \u00e0 Chypre, qui fait partie d&rsquo;un r\u00e9seau europ\u00e9en plus large d&rsquo;initiatives\u2026<\/p>\n","category_list":"","author_info":{"name":"roussos","url":"https:\/\/hints-project.eu\/fr\/author\/roussos\/"},"comments_num":"0 commentaire","_links":{"self":[{"href":"https:\/\/hints-project.eu\/fr\/wp-json\/wp\/v2\/pages\/1315","targetHints":{"allow":["GET"]}}],"collection":[{"href":"https:\/\/hints-project.eu\/fr\/wp-json\/wp\/v2\/pages"}],"about":[{"href":"https:\/\/hints-project.eu\/fr\/wp-json\/wp\/v2\/types\/page"}],"author":[{"embeddable":true,"href":"https:\/\/hints-project.eu\/fr\/wp-json\/wp\/v2\/users\/2"}],"replies":[{"embeddable":true,"href":"https:\/\/hints-project.eu\/fr\/wp-json\/wp\/v2\/comments?post=1315"}],"version-history":[{"count":4,"href":"https:\/\/hints-project.eu\/fr\/wp-json\/wp\/v2\/pages\/1315\/revisions"}],"predecessor-version":[{"id":1371,"href":"https:\/\/hints-project.eu\/fr\/wp-json\/wp\/v2\/pages\/1315\/revisions\/1371"}],"wp:featuredmedia":[{"embeddable":true,"href":"https:\/\/hints-project.eu\/fr\/wp-json\/wp\/v2\/media\/1280"}],"wp:attachment":[{"href":"https:\/\/hints-project.eu\/fr\/wp-json\/wp\/v2\/media?parent=1315"}],"curies":[{"name":"wp","href":"https:\/\/api.w.org\/{rel}","templated":true}]}}