{"id":1313,"date":"2022-02-20T08:28:45","date_gmt":"2022-02-20T08:28:45","guid":{"rendered":"https:\/\/hints-project.eu\/a-propos-du-projet\/"},"modified":"2022-08-29T12:28:30","modified_gmt":"2022-08-29T12:28:30","slug":"a-propos-du-projet","status":"publish","type":"page","link":"https:\/\/hints-project.eu\/fr\/a-propos-du-projet\/","title":{"rendered":"A propos du projet"},"content":{"rendered":"\n<div class=\"wp-block-stackable-spacer stk-block-spacer stk--no-padding stk-block stk-6090630\" data-block-id=\"6090630\"><style>.stk-6090630{height:100px !important}@media screen and (max-width:1023px){.stk-6090630{height:80px !important}}<\/style><\/div>\n\n<p class=\"o-typing-faster animated fadeInUp slow\">Bien que la Commission europ\u00e9enne ait annonc\u00e9 en mars 2019 que la crise des migrants en Europe \u00e9tait sur le point de se terminer, la r\u00e9alit\u00e9 montre le contraire et l&rsquo;afflux de migrants risque d&rsquo;augmenter encore \u00e0 l&rsquo;avenir. La crise migratoire semble \u00eatre encore un probl\u00e8me \u00e9mergent avec des dimensions paneurop\u00e9ennes ; il est donc vital de promouvoir la diversit\u00e9 et l&rsquo;int\u00e9gration des ressortissants de pays tiers (NPT) vuln\u00e9rables. C&rsquo;est exactement ce que le projet HINTS vise \u00e0 faire.<\/p>\n\n<div class=\"wp-block-columns is-layout-flex wp-container-core-columns-is-layout-9d6595d7 wp-block-columns-is-layout-flex\">\n<div class=\"wp-block-column is-vertically-aligned-top is-layout-flow wp-block-column-is-layout-flow\" style=\"flex-basis:100%\"><div class=\"wp-block-image animated jackInTheBox\">\n<figure class=\"aligncenter size-full is-resized\"><img loading=\"lazy\" decoding=\"async\" src=\"https:\/\/hints-project.eu\/wp-content\/uploads\/2022\/08\/HINTS_logo-2-white-background.png\" alt=\"\" class=\"wp-image-1013\" width=\"212\" height=\"212\" srcset=\"https:\/\/hints-project.eu\/wp-content\/uploads\/2022\/08\/HINTS_logo-2-white-background.png 500w, https:\/\/hints-project.eu\/wp-content\/uploads\/2022\/08\/HINTS_logo-2-white-background-300x300.png 300w, https:\/\/hints-project.eu\/wp-content\/uploads\/2022\/08\/HINTS_logo-2-white-background-150x150.png 150w\" sizes=\"auto, (max-width: 212px) 100vw, 212px\" \/><\/figure><\/div><\/div>\n<\/div>\n\n<h2 class=\"animated fadeInUp wp-block-heading\"><strong>Objectifs<\/strong><\/h2>\n\n<p class=\"animated fadeInUp\">Plus sp\u00e9cifiquement, le projet HINTS vise \u00e0 :<\/p>\n\n<p><\/p>\n\n<p class=\"animated fadeInUp\">\u2022 \u00c9quiper les professionnels travaillant avec les TCN d&rsquo;un e-Guidebook qui rassemble de bonnes pratiques sur l&rsquo;inclusion sociale des TCN, en prenant en consid\u00e9ration une approche multidisciplinaire pour maximiser le potentiel de l&rsquo;int\u00e9gration \u00e0 son maximum.<\/p>\n\n<p class=\"animated fadeInUp\">\u2022 Am\u00e9liorer la qualit\u00e9 des services destin\u00e9s aux ressortissants de pays tiers qui sont fournis par les partenaires du consortium, en \u00e9quipant le consortium du guide \u00e9lectronique susmentionn\u00e9 et en favorisant l&rsquo;\u00e9change de bonnes pratiques.<\/p>\n\n<p class=\"animated fadeInUp\">\u2022 Sensibiliser les centres d&rsquo;EFP, les entreprises sociales, les autres organisations (parties prenantes) li\u00e9es au domaine de l&rsquo;int\u00e9gration\/du soutien des migrants et m\u00eame les communaut\u00e9s locales \u00e0 l&rsquo;inclusion sociale des ressortissants de pays tiers.<\/p>\n\n<p class=\"animated fadeInUp\">\u2022 Promouvoir la valeur de l&rsquo;approche multidisciplinaire de l&rsquo;int\u00e9gration des migrants afin d&rsquo;\u00e9liminer la marginalisation, car il est n\u00e9cessaire de mettre en \u0153uvre des interventions multidimensionnelles.<\/p>\n\n<div style=\"height:100px\" aria-hidden=\"true\" class=\"wp-block-spacer\"><\/div>\n","protected":false},"excerpt":{"rendered":"<p>Bien que la Commission europ\u00e9enne ait annonc\u00e9 en mars 2019 que la crise des migrants en Europe \u00e9tait sur le point de se terminer, la r\u00e9alit\u00e9 montre le contraire et l&rsquo;afflux de migrants risque d&rsquo;augmenter encore \u00e0 l&rsquo;avenir. La crise migratoire semble \u00eatre encore un probl\u00e8me \u00e9mergent avec des dimensions paneurop\u00e9ennes ; il est donc vital de promouvoir la diversit\u00e9 et l&rsquo;int\u00e9gration des ressortissants de pays tiers (NPT) vuln\u00e9rables. C&rsquo;est exactement ce que le projet HINTS vise \u00e0 faire. Objectifs Plus sp\u00e9cifiquement, le projet HINTS vise \u00e0 : \u2022 \u00c9quiper les professionnels travaillant avec les TCN d&rsquo;un e-Guidebook qui rassemble\u2026<\/p>\n","protected":false},"author":2,"featured_media":1274,"parent":0,"menu_order":0,"comment_status":"closed","ping_status":"closed","template":"","meta":{"footnotes":""},"class_list":["post-1313","page","type-page","status-publish","has-post-thumbnail","hentry"],"blocksy_meta":{"styles_descriptor":{"styles":{"desktop":"","tablet":"","mobile":""},"google_fonts":[],"version":5}},"featured_image_urls":{"full":["https:\/\/hints-project.eu\/wp-content\/uploads\/2022\/08\/tyler-nix-V3dHmb1MOXM-unsplash.png",1700,832,false],"thumbnail":["https:\/\/hints-project.eu\/wp-content\/uploads\/2022\/08\/tyler-nix-V3dHmb1MOXM-unsplash-150x150.png",150,150,true],"medium":["https:\/\/hints-project.eu\/wp-content\/uploads\/2022\/08\/tyler-nix-V3dHmb1MOXM-unsplash-300x147.png",300,147,true],"medium_large":["https:\/\/hints-project.eu\/wp-content\/uploads\/2022\/08\/tyler-nix-V3dHmb1MOXM-unsplash-768x376.png",768,376,true],"large":["https:\/\/hints-project.eu\/wp-content\/uploads\/2022\/08\/tyler-nix-V3dHmb1MOXM-unsplash-1024x501.png",1024,501,true],"1536x1536":["https:\/\/hints-project.eu\/wp-content\/uploads\/2022\/08\/tyler-nix-V3dHmb1MOXM-unsplash-1536x752.png",1536,752,true],"2048x2048":["https:\/\/hints-project.eu\/wp-content\/uploads\/2022\/08\/tyler-nix-V3dHmb1MOXM-unsplash.png",1700,832,false]},"post_excerpt_stackable":"<p>Bien que la Commission europ\u00e9enne ait annonc\u00e9 en mars 2019 que la crise des migrants en Europe \u00e9tait sur le point de se terminer, la r\u00e9alit\u00e9 montre le contraire et l&rsquo;afflux de migrants risque d&rsquo;augmenter encore \u00e0 l&rsquo;avenir. La crise migratoire semble \u00eatre encore un probl\u00e8me \u00e9mergent avec des dimensions paneurop\u00e9ennes ; il est donc vital de promouvoir la diversit\u00e9 et l&rsquo;int\u00e9gration des ressortissants de pays tiers (NPT) vuln\u00e9rables. C&rsquo;est exactement ce que le projet HINTS vise \u00e0 faire. Objectifs Plus sp\u00e9cifiquement, le projet HINTS vise \u00e0 : \u2022 \u00c9quiper les professionnels travaillant avec les TCN d&rsquo;un e-Guidebook qui rassemble\u2026<\/p>\n","category_list":"","author_info":{"name":"roussos","url":"https:\/\/hints-project.eu\/fr\/author\/roussos\/"},"comments_num":"0 commentaire","_links":{"self":[{"href":"https:\/\/hints-project.eu\/fr\/wp-json\/wp\/v2\/pages\/1313","targetHints":{"allow":["GET"]}}],"collection":[{"href":"https:\/\/hints-project.eu\/fr\/wp-json\/wp\/v2\/pages"}],"about":[{"href":"https:\/\/hints-project.eu\/fr\/wp-json\/wp\/v2\/types\/page"}],"author":[{"embeddable":true,"href":"https:\/\/hints-project.eu\/fr\/wp-json\/wp\/v2\/users\/2"}],"replies":[{"embeddable":true,"href":"https:\/\/hints-project.eu\/fr\/wp-json\/wp\/v2\/comments?post=1313"}],"version-history":[{"count":1,"href":"https:\/\/hints-project.eu\/fr\/wp-json\/wp\/v2\/pages\/1313\/revisions"}],"predecessor-version":[{"id":1314,"href":"https:\/\/hints-project.eu\/fr\/wp-json\/wp\/v2\/pages\/1313\/revisions\/1314"}],"wp:featuredmedia":[{"embeddable":true,"href":"https:\/\/hints-project.eu\/fr\/wp-json\/wp\/v2\/media\/1274"}],"wp:attachment":[{"href":"https:\/\/hints-project.eu\/fr\/wp-json\/wp\/v2\/media?parent=1313"}],"curies":[{"name":"wp","href":"https:\/\/api.w.org\/{rel}","templated":true}]}}